{"id":806,"date":"2021-04-23T20:04:50","date_gmt":"2021-04-23T18:04:50","guid":{"rendered":"https:\/\/agat-online.org\/?page_id=806"},"modified":"2024-08-19T20:09:52","modified_gmt":"2024-08-19T18:09:52","slug":"jahrestagung-2021","status":"publish","type":"page","link":"https:\/\/agat-online.org\/?page_id=806","title":{"rendered":"Jahrestagung 2021"},"content":{"rendered":"\n<h2 class=\"wp-block-heading\">Prophetie in Tenach, Bibel und Qur&#8217;an<\/h2>\n\n\n\n<h3 class=\"wp-block-heading\">Konturen &#8211; Strukturen &#8211; Figuren<\/h3>\n\n\n\n<p>Die Tagung findet online \u00fcber Zoom statt. Geplant war eine Pr\u00e4senztagung in <a rel=\"noreferrer noopener\" href=\"https:\/\/agat-online.org\/?page_id=816\" target=\"_blank\">Matrei am Brenner<\/a>. Hier finden Sie nun das &#8222;<strong>lebendige Programm<\/strong>&#8220; der Online-Tagung mit allen aktuellen <strong>Links<\/strong>, \u00c4nderungen (auch in den Titeln der Vortr\u00e4ge), Ank\u00fcndigungen, Hinweisen, <strong>Handouts <\/strong>und dergleichen mehr &#8230;  <\/p>\n\n\n\n<p>Zum Ausdrucken gibt es PDFs von <a rel=\"noreferrer noopener\" href=\"https:\/\/agat-online.org\/wp-content\/uploads\/2021\/05\/AGAT_Jahrestagung2021_Einladungsbrief.pdf\" target=\"_blank\">Einladungsbrief<\/a>, <a rel=\"noreferrer noopener\" href=\"https:\/\/agat-online.org\/wp-content\/uploads\/2021\/05\/AGAT_Jahrestagung2021_Stundenplan.pdf\" target=\"_blank\">Stundenplan <\/a>und <a rel=\"noreferrer noopener\" href=\"https:\/\/agat-online.org\/wp-content\/uploads\/2021\/05\/AGAT_Jahrestagung2021_Tagungsprogramm.pdf\" target=\"_blank\">Tagungsprogramm<\/a> (diese Dateien werden aber nur bei gr\u00f6\u00dferen \u00c4nderungen aktualisiert).<\/p>\n\n\n\n<hr class=\"wp-block-separator\"\/>\n\n\n\n<p>Hier finden Sie die Seiten f\u00fcr <a rel=\"noreferrer noopener\" href=\"https:\/\/agat-online.org\/wp-content\/uploads\/2021\/09\/AGAT-2021-Feedback.pdf\" data-type=\"URL\" data-id=\"https:\/\/agat-online.org\/wp-content\/uploads\/2021\/09\/AGAT-2021-Feedback.pdf\" target=\"_blank\">Feedback<\/a> und <a href=\"https:\/\/agat-online.org\/wp-content\/uploads\/2021\/09\/AGAT-2021-Announcements.pdf\" data-type=\"URL\" data-id=\"https:\/\/agat-online.org\/wp-content\/uploads\/2021\/09\/AGAT-2021-Announcements.pdf\" target=\"_blank\" rel=\"noreferrer noopener\">Ank\u00fcndigungen<\/a>, die w\u00e4hrend der Tagung von den Teilnehmenden gef\u00fcllt wurden.<\/p>\n\n\n\n<hr class=\"wp-block-separator\"\/>\n\n\n\n<h4 class=\"wp-block-heading\">Programm<\/h4>\n\n\n\n<h5 class=\"wp-block-heading\">Montag, 30.08.<\/h5>\n\n\n\n<p><strong>16.00-17.00<\/strong> Informationen zu <strong>IxTheo.de<\/strong> (Prof. Dr. Thomas Hieke + Delegation aus T\u00fcbingen) &#8211; Link zum ZOOM-Raum (T\u00fcbingen)<\/p>\n\n\n\n<p><strong>Die AGAT-Jahrestagung ab 19.00 Uhr findet in einem anderen ZOOM-Raum statt!<\/strong> <br>N\u00e4mlich hier:<\/p>\n\n\n\n<p>ZOOM-Plenumsraum der AGAT-Jahrestagung<strong> <\/strong><\/p>\n\n\n\n<p><strong>19.00<\/strong> Einf\u00fchrung in die Tagung (<em>Vorbereitungsteam<\/em>)  <\/p>\n\n\n\n<p><em>Prof. Dr. Zishan Ghaffar, <\/em>Paderborn<br>Die Prophetologie des Korans im Horizont der Sp\u00e4tantike:<br>Ein Gespr\u00e4chsangebot historisch-kritischer Koranexegese<br>Vortrag und Diskussion<\/p>\n\n\n\n<p>Danach: Einf\u00fchrung in die Technika der Tagung<\/p>\n\n\n\n<hr class=\"wp-block-separator\"\/>\n\n\n\n<h5 class=\"wp-block-heading\">Dienstag, 31.08.<\/h5>\n\n\n\n<p><strong>7.45-8.00<\/strong> Morgenimpuls <em>(G. Fischer\/B. Collinet)<\/em><\/p>\n\n\n\n<p><strong>9.00<\/strong> <em>Prof. Dr. Stefanie Ernst, <\/em>Marburg <br>Prophetie im Alten Orient und die Frage nach Verbindungen und Auswirkungen auf die Prophetie im Alten Israel \u2013 Ein Forschungs\u00fcberblick (<a href=\"https:\/\/agat-online.org\/wp-content\/uploads\/2021\/08\/Ernst-Prophetie-im-Alten-Orient.pdf\" target=\"_blank\" rel=\"noreferrer noopener\">Handout<\/a>)<\/p>\n\n\n\n<p><strong>10.00<\/strong> <em>Prof. Dr. Franz Sedlmeier, <\/em>Augsburg <br>Und das \u201eWort\u201c ist \u201eSchrift\u201c geworden. Vom prophetischen \u05d3\u05d1\u05e8 zum Prophetenbuch \u2013 eine Skizze (<a href=\"https:\/\/agat-online.org\/wp-content\/uploads\/2021\/08\/Sedlmeier-Handout-AGAT-2021.pdf\" target=\"_blank\" rel=\"noreferrer noopener\">Handout<\/a>)<\/p>\n\n\n\n<p><strong>11.00-11.30<\/strong> Kaffeepause<\/p>\n\n\n\n<p><strong>11.30<\/strong> <em>Prof. Dr. Johanna Erzberger, <\/em>Jerusalem<br>Prophetie in griechischer \u00dcbersetzung und Fortschreibung.<br>Das Beispiel Jesajas, Jeremias und Baruchs (<a href=\"https:\/\/agat-online.org\/wp-content\/uploads\/2021\/08\/Erzberger-AGAT-2021.pdf\" target=\"_blank\" rel=\"noreferrer noopener\">Handout<\/a>)<\/p>\n\n\n\n<p><strong>12.30-15.00<\/strong> Mittagspause<\/p>\n\n\n\n<p><strong>15.00<\/strong> <em>Prof. Dr. Hildegard Scherer, <\/em>Chur<br>Gottes Sprecher*innen. Wer sind die Prophet*innen im Neuen Testament? (<a href=\"https:\/\/agat-online.org\/wp-content\/uploads\/2021\/08\/Scherer_Gottes-Sprecher_innen.pdf\" target=\"_blank\" rel=\"noreferrer noopener\">Handout<\/a>)<\/p>\n\n\n\n<p><strong>16.00<\/strong> <em>Prof. Dr. Gerhard Langer, <\/em>Wien<br>Prophetie in der rabbinischen Tradition mit Ausblick bis zu Denkern der Moderne<\/p>\n\n\n\n<p><strong>17.00-19.00<\/strong> Pause<\/p>\n\n\n\n<p><strong>Ab 19.00 Gesch\u00e4ftssitzung<\/strong><\/p>\n\n\n\n<p>F\u00fcr die Gesch\u00e4ftssitzung wird ein eigener Link nur per E-Mail an die Mitglieder der AGAT, die f\u00fcr die Tagung und\/oder nur die Gesch\u00e4ftssitzung angemeldet sind, verschickt.<\/p>\n\n\n\n<hr class=\"wp-block-separator\"\/>\n\n\n\n<h5 class=\"wp-block-heading\"><strong>Mittwoch, 01.09.<\/strong><\/h5>\n\n\n\n<p><strong>7.45-8.00<\/strong> Morgenimpuls <em>(G. Langer)<\/em><\/p>\n\n\n\n<p><strong>9.00<\/strong> <em>Prof. Dr. Agnethe Siquans, <\/em>Wien <br>\u201eVor seiner Menschwerdung zeigt er allen V\u00f6lkern seine g\u00f6ttliche F\u00fcrsorge\u201c: Prophetie bei den Kirchenv\u00e4tern (<a href=\"https:\/\/agat-online.org\/wp-content\/uploads\/2021\/08\/Siquans_AGAT-2021.pdf\" target=\"_blank\" rel=\"noreferrer noopener\">Handout<\/a>)<\/p>\n\n\n\n<p><strong>10.00<\/strong> <em>Prof. Dr. Ulrike Bechmann, <\/em>Graz <br>Mirjam, Maria, Maryam. Intertextuelle Beobachtungen (<a href=\"https:\/\/agat-online.org\/wp-content\/uploads\/2021\/08\/Bechmann_Texte.pdf\" target=\"_blank\" rel=\"noreferrer noopener\">Handout<\/a>)<\/p>\n\n\n\n<p><strong>11.00-11.30<\/strong> Kaffeepause<\/p>\n\n\n\n<p><strong>11.30<\/strong> <em>Dr. Nagmeh Jahan, <\/em>Aachen <br>Idris als prophetische Figur im Islam und ihre biblischen Bez\u00fcge<\/p>\n\n\n\n<p><strong>12.30-15.30<\/strong> Mittagspause<\/p>\n\n\n\n<p><strong>15.30<\/strong> <em>Dr. Julia Bubenheim, <\/em>Dortmund; <em>Prof. Dr. Irmtraud Fischer, <\/em>Graz <br>Die Jonaerz\u00e4hlungen in Bibel und Koran \u2013 und ihre Rezeption in der Kunst (<a rel=\"noreferrer noopener\" href=\"https:\/\/agat-online.org\/wp-content\/uploads\/2021\/08\/Fischer_Ikonographische_Jonarezeption_in_Judentum_Christentum_Islam_korr2.pdf\" target=\"_blank\">Handout<\/a> &#8211; Achtung: Korrigierte Fassung, bitte Seite neu laden! Neu ist Folie 17.)<\/p>\n\n\n\n<p><strong>16.45-17.00<\/strong> Pause<\/p>\n\n\n\n<p><strong>17.00-18.25 Short Papers <\/strong><br><strong>(drei parallele Sessions in separaten ZOOM-R\u00e4umen)<\/strong><\/p>\n\n\n\n<p><strong>17.00-17.25<\/strong> <br><em>Dr. Benedikt Josef Collinet, <\/em>Innsbruck <br>War Abraham\/Ibrahim ein Prophet? Versuch \u00fcber eine Kriteriologie des Prophetseins in Judentum, Christentum und Islam (<a rel=\"noreferrer noopener\" href=\"https:\/\/agat-online.org\/wp-content\/uploads\/2021\/08\/Collinet-War-Abraham_Ibrahim-ein-Prophet2.pdf\" target=\"_blank\">Handout\/PPP<\/a>) (Link zum ZOOM-Raum)<\/p>\n\n\n\n<p><em>Dr. Konrad Kremser, <\/em>Wien\/M\u00fcnchen <br>\u201eIst auch Daniel unter den Propheten?\u201c Die Stellung des Danielbuches im Kanon (<a rel=\"noreferrer noopener\" href=\"https:\/\/agat-online.org\/wp-content\/uploads\/2021\/08\/Kremser_Daniel.pdf\" target=\"_blank\">Handout<\/a>) (Link zum ZOOM-Raum) <\/p>\n\n\n\n<p><em>Dr. Martin Nitsche, <\/em>Frankfurt<em> \/ Dr. Marlen Bunzel, <\/em>Erfurt<br>Ein doppeltes Vorspiel zu Mose: Mose in den Scharnierstellen Gen 6,1-4 und 32,23-33 (<a rel=\"noreferrer noopener\" href=\"https:\/\/agat-online.org\/wp-content\/uploads\/2021\/08\/Nitsche_Bunzel_AGAT2021.pdf\" target=\"_blank\">Handout<\/a>)  (Link zum ZOOM-Raum) <\/p>\n\n\n\n<p><strong>17.30-17.55<\/strong> <br><em>Prof. Dr. Dominik Markl, <\/em>Rom <br>Zu den Offenbarungskonzeptionen im Jubil\u00e4enbuch und im Qur\u2019an (<a rel=\"noreferrer noopener\" href=\"https:\/\/agat-online.org\/wp-content\/uploads\/2021\/08\/Markl-AGAT-2021-09-01.pdf\" target=\"_blank\">Handout<\/a>) <\/p>\n\n\n\n<p><em>Dr. Matthias Jendrek, <\/em>Paderborn <br>Ging Ezechiel doch nicht baden? Neues zur Textgeschichte des Prophetenbuches (<a rel=\"noreferrer noopener\" href=\"https:\/\/agat-online.org\/wp-content\/uploads\/2021\/08\/Jendrek-Short-Paper-Ezechiel.pdf\" target=\"_blank\">Handout<\/a>)  <\/p>\n\n\n\n<p><strong>18.00-18.25 <\/strong><br><em>Dr. theol. lic. in re bibl. Nicole R\u00fcttgers, <\/em>Augsburg <br>\u201eIn deine H\u00e4nde geben\u201c \u2013 \u201eunter deine F\u00fc\u00dfe legen\u201c. Eine Motivuntersuchung im Jeremiabuch und im Alten Orient (<a rel=\"noreferrer noopener\" href=\"https:\/\/agat-online.org\/wp-content\/uploads\/2021\/08\/Ruettgers-Handout-AGAT2021.pdf\" target=\"_blank\">Handout<\/a>)  <\/p>\n\n\n\n<p><em>Mag. theol. Philipp Graf, <\/em>Dortmund <br>\u201eUnd sie stellten sich vor Gott\u201c (Jos 24,1) Prophetenrede als Repr\u00e4sentanz Gottes  (<a rel=\"noreferrer noopener\" href=\"https:\/\/agat-online.org\/wp-content\/uploads\/2021\/08\/Graf-Textblatt.pdf\" target=\"_blank\">Handout<\/a> NEU!; <a rel=\"noreferrer noopener\" href=\"https:\/\/agat-online.org\/wp-content\/uploads\/2021\/08\/Graf-Praesentation.pdf\" target=\"_blank\">Pr\u00e4sentation<\/a>) <\/p>\n\n\n\n<p><em>Dr. Bernhard Klinger, <\/em>Passau <br>V\u00e4terexegese im Spannungsfeld von Literalsinn und Allegorese. Beobachtungen zum Maleachi-Kommentar des Hieronymus <\/p>\n\n\n\n<hr class=\"wp-block-separator\"\/>\n\n\n\n<h5 class=\"wp-block-heading\"><strong>Donnerstag, 02.09.<\/strong><\/h5>\n\n\n\n<p><strong>7.45-8.00<\/strong> Morgenimpuls <em>(M. Th. Wacker \/ D. El Omari)<\/em><\/p>\n\n\n\n<p><strong>9.00<\/strong> <em>Prof. Dr. Christoph Dohmen, <\/em>Regensburg <br>\u201eWir wissen, dass Gott zu Mose gesprochen hat\u201c (Joh 9,29). Offenbarungsmittler Mose in Bibel und Koran (<a href=\"https:\/\/agat-online.org\/wp-content\/uploads\/2021\/08\/Dohmen_AGAT_2021.pdf\" target=\"_blank\" rel=\"noreferrer noopener\">Handout<\/a>)<\/p>\n\n\n\n<p><strong>10.00<\/strong> <em>Prof. Dr. Marie-Theres Wacker, <\/em>M\u00fcnster <br>Der andere Prophet \u2013 der Prophet als Bruder: Aktuelle muslimische und j\u00fcdische Deutungen Jesu (<a href=\"https:\/\/agat-online.org\/wp-content\/uploads\/2021\/08\/Wacker-AGAT-2021.pdf\" target=\"_blank\" rel=\"noreferrer noopener\">Handout<\/a>)<\/p>\n\n\n\n<p><strong>11.00-11.15<\/strong> Kaffeepause<\/p>\n\n\n\n<p><strong>11.15-12.30<\/strong> <em>Dr. Elisabeth Birnbaum, <\/em>Wien <br>Prophetologie interreligi\u00f6s \u2013 R\u00fcckblicke und Ausblicke<\/p>\n\n\n\n<p><strong>Abschlussdiskussion<\/strong><\/p>\n\n\n\n<p><strong>12.30 Ende der Tagung<\/strong><\/p>\n\n\n\n<hr class=\"wp-block-separator\"\/>\n\n\n\n<p><br><br><br><\/p>\n","protected":false},"excerpt":{"rendered":"<p>Prophetie in Tenach, Bibel und Qur&#8217;an Konturen &#8211; Strukturen &#8211; Figuren Die Tagung findet online \u00fcber Zoom statt. Geplant war eine Pr\u00e4senztagung in Matrei am Brenner. Hier finden Sie nun das &#8222;lebendige Programm&#8220; der Online-Tagung mit allen aktuellen Links, \u00c4nderungen (auch in den Titeln der Vortr\u00e4ge), Ank\u00fcndigungen, Hinweisen, Handouts und dergleichen mehr &#8230; Zum Ausdrucken &hellip; <a href=\"https:\/\/agat-online.org\/?page_id=806\" class=\"more-link\"><span class=\"screen-reader-text\">\u201eJahrestagung 2021\u201c <\/span>weiterlesen<\/a><\/p>\n","protected":false},"author":2,"featured_media":0,"parent":24,"menu_order":0,"comment_status":"closed","ping_status":"closed","template":"","meta":{"footnotes":""},"class_list":["post-806","page","type-page","status-publish","hentry"],"_links":{"self":[{"href":"https:\/\/agat-online.org\/index.php?rest_route=\/wp\/v2\/pages\/806","targetHints":{"allow":["GET"]}}],"collection":[{"href":"https:\/\/agat-online.org\/index.php?rest_route=\/wp\/v2\/pages"}],"about":[{"href":"https:\/\/agat-online.org\/index.php?rest_route=\/wp\/v2\/types\/page"}],"author":[{"embeddable":true,"href":"https:\/\/agat-online.org\/index.php?rest_route=\/wp\/v2\/users\/2"}],"replies":[{"embeddable":true,"href":"https:\/\/agat-online.org\/index.php?rest_route=%2Fwp%2Fv2%2Fcomments&post=806"}],"version-history":[{"count":45,"href":"https:\/\/agat-online.org\/index.php?rest_route=\/wp\/v2\/pages\/806\/revisions"}],"predecessor-version":[{"id":973,"href":"https:\/\/agat-online.org\/index.php?rest_route=\/wp\/v2\/pages\/806\/revisions\/973"}],"up":[{"embeddable":true,"href":"https:\/\/agat-online.org\/index.php?rest_route=\/wp\/v2\/pages\/24"}],"wp:attachment":[{"href":"https:\/\/agat-online.org\/index.php?rest_route=%2Fwp%2Fv2%2Fmedia&parent=806"}],"curies":[{"name":"wp","href":"https:\/\/api.w.org\/{rel}","templated":true}]}}