{"id":56,"date":"2012-04-12T16:29:55","date_gmt":"2012-04-12T14:29:55","guid":{"rendered":"http:\/\/agat-online.org\/?page_id=56"},"modified":"2020-01-08T19:56:39","modified_gmt":"2020-01-08T18:56:39","slug":"links","status":"publish","type":"page","link":"https:\/\/agat-online.org\/?page_id=56","title":{"rendered":"Links"},"content":{"rendered":"<p><strong>Hier k\u00f6nnen f\u00fcr AGAT-Mitglieder interessante Links mit der Kommentarfunktion gepostet werden.<\/strong><\/p>\n<p>Um Informationen nicht unn\u00f6tig zu doppeln, werden Links von allgemeinem Interesse f\u00fcr die Bibelwissenschaft in der Regel unter der von Thomas Hieke betreuten Website gelistet.<\/p>\n<p>Eine umfangreiche Linksammelseite zur Bibelwissenschaft (Thomas Hieke):\u00a0<a href=\"http:\/\/bibel.thomashieke.de\"><strong>bibel.thomashieke.de<\/strong><\/a><\/p>\n<p>Internationale Bibliographie f\u00fcr Theologie und Religionswissenschaft: <a href=\"https:\/\/ixtheo.de\/\" target=\"_blank\" rel=\"noopener noreferrer\"><strong>Index Theologicus<\/strong><\/a><\/p>\n<p>Bibelwissenschaftliche Literaturdokumentation Innsbruck (BILDI):\u00a0<strong><a href=\"http:\/\/bildi.uibk.ac.at\" target=\"_blank\" rel=\"noopener noreferrer\">bildi.uibk.ac.at<\/a><\/strong><\/p>\n<p>Analytische Bibliographie zum Deuteronomium:\u00a0<strong><a href=\"http:\/\/anabideut.univie.ac.at\" target=\"_blank\" rel=\"noopener noreferrer\">anabideut.univie.ac.at<\/a><\/strong><\/p>\n<p>Informationen zum Theologiestudium:\u00a0<strong><a href=\"http:\/\/www.katholische-theologie.info\" target=\"_blank\" rel=\"noopener noreferrer\">www.katholische-theologie.info<\/a><\/strong><\/p>\n<p>Handreichung der DBK &#8222;<a href=\"http:\/\/www.dbk-shop.de\/de\/Deutsche-Bischofskonferenz\/Arbeitshilfen\/Katholische-Theologie-und-Kirchliches-Hochschulrecht.html\" target=\"_blank\" rel=\"noopener noreferrer\">Katholische Theologie und kirchliches Hochschulrecht<\/a>&#8220; (incl. &#8222;Nihil-Obstat-Normen&#8220;) im Shop der DBK<\/p>\n","protected":false},"excerpt":{"rendered":"<p>Hier k\u00f6nnen f\u00fcr AGAT-Mitglieder interessante Links mit der Kommentarfunktion gepostet werden. Um Informationen nicht unn\u00f6tig zu doppeln, werden Links von allgemeinem Interesse f\u00fcr die Bibelwissenschaft in der Regel unter der von Thomas Hieke betreuten Website gelistet. Eine umfangreiche Linksammelseite zur Bibelwissenschaft (Thomas Hieke):\u00a0bibel.thomashieke.de Internationale Bibliographie f\u00fcr Theologie und Religionswissenschaft: Index Theologicus Bibelwissenschaftliche Literaturdokumentation Innsbruck (BILDI):\u00a0bildi.uibk.ac.at &hellip; <a href=\"https:\/\/agat-online.org\/?page_id=56\" class=\"more-link\"><span class=\"screen-reader-text\">\u201eLinks\u201c <\/span>weiterlesen<\/a><\/p>\n","protected":false},"author":1,"featured_media":0,"parent":0,"menu_order":9,"comment_status":"open","ping_status":"closed","template":"","meta":{"footnotes":""},"class_list":["post-56","page","type-page","status-publish","hentry"],"_links":{"self":[{"href":"https:\/\/agat-online.org\/index.php?rest_route=\/wp\/v2\/pages\/56","targetHints":{"allow":["GET"]}}],"collection":[{"href":"https:\/\/agat-online.org\/index.php?rest_route=\/wp\/v2\/pages"}],"about":[{"href":"https:\/\/agat-online.org\/index.php?rest_route=\/wp\/v2\/types\/page"}],"author":[{"embeddable":true,"href":"https:\/\/agat-online.org\/index.php?rest_route=\/wp\/v2\/users\/1"}],"replies":[{"embeddable":true,"href":"https:\/\/agat-online.org\/index.php?rest_route=%2Fwp%2Fv2%2Fcomments&post=56"}],"version-history":[{"count":10,"href":"https:\/\/agat-online.org\/index.php?rest_route=\/wp\/v2\/pages\/56\/revisions"}],"predecessor-version":[{"id":699,"href":"https:\/\/agat-online.org\/index.php?rest_route=\/wp\/v2\/pages\/56\/revisions\/699"}],"wp:attachment":[{"href":"https:\/\/agat-online.org\/index.php?rest_route=%2Fwp%2Fv2%2Fmedia&parent=56"}],"curies":[{"name":"wp","href":"https:\/\/api.w.org\/{rel}","templated":true}]}}