{"id":45,"date":"2012-04-12T16:11:46","date_gmt":"2012-04-12T14:11:46","guid":{"rendered":"http:\/\/agat-online.org\/?page_id=45"},"modified":"2024-10-13T14:19:16","modified_gmt":"2024-10-13T12:19:16","slug":"kontakt","status":"publish","type":"page","link":"https:\/\/agat-online.org\/?page_id=45","title":{"rendered":"Kontakt (Impressum)"},"content":{"rendered":"<p><strong>Vorsitzendes Mitglied<\/strong><\/p>\n<p>Prof. Dr. Barbara Schmitz (W\u00fcrzburg)<\/p>\n<p>barbara.schmitz<img loading=\"lazy\" decoding=\"async\" src=\"http:\/\/alt.agat-online.org\/at_zeichen_blue.gif\" alt=\"\" width=\"10\" height=\"10\" border=\"0\" \/>uni-wuerzburg.de<\/p>\n<p><strong>Stellvertretendes vorsitzendes Mitglied<\/strong><\/p>\n<p>Prof. Dr. Michael Konkel (Paderborn)<\/p>\n<p>m.konkel<img loading=\"lazy\" decoding=\"async\" src=\"http:\/\/alt.agat-online.org\/at_zeichen_blue.gif\" alt=\"\" width=\"10\" height=\"10\" border=\"0\" \/>thf-paderborn.de<\/p>\n<p><strong>Kassenwart<\/strong><\/p>\n<p>Prof. Dr. Erasmus Ga\u00df (Augsburg)<\/p>\n<p>erasmus.gass<img loading=\"lazy\" decoding=\"async\" src=\"http:\/\/alt.agat-online.org\/at_zeichen_blue.gif\" alt=\"\" width=\"10\" height=\"10\" border=\"0\" \/>uni-a.de<\/p>\n<p><strong>Webmaster<\/strong><\/p>\n<p>Prof. Dr. Oliver Dyma<\/p>\n<p>Westf\u00e4lische Wilhelms-Universit\u00e4t M\u00fcnster<\/p>\n<p>odyma<img loading=\"lazy\" decoding=\"async\" src=\"http:\/\/alt.agat-online.org\/at_zeichen_blue.gif\" alt=\"\" width=\"10\" height=\"10\" border=\"0\" \/>uni-muenster.de<\/p>\n<p>Prof. Dr. Thomas Hieke<\/p>\n<p>Johannes Gutenberg-Universit\u00e4t Mainz<\/p>\n<p>thieke<img loading=\"lazy\" decoding=\"async\" src=\"http:\/\/alt.agat-online.org\/at_zeichen_blue.gif\" alt=\"\" width=\"10\" height=\"10\" border=\"0\" \/>uni-mainz.de<\/p>\n","protected":false},"excerpt":{"rendered":"<p>Vorsitzendes Mitglied Prof. Dr. Barbara Schmitz (W\u00fcrzburg) barbara.schmitzuni-wuerzburg.de Stellvertretendes vorsitzendes Mitglied Prof. Dr. Michael Konkel (Paderborn) m.konkelthf-paderborn.de Kassenwart Prof. Dr. Erasmus Ga\u00df (Augsburg) erasmus.gassuni-a.de Webmaster Prof. Dr. Oliver Dyma Westf\u00e4lische Wilhelms-Universit\u00e4t M\u00fcnster odymauni-muenster.de Prof. Dr. Thomas Hieke Johannes Gutenberg-Universit\u00e4t Mainz thiekeuni-mainz.de<\/p>\n","protected":false},"author":1,"featured_media":0,"parent":0,"menu_order":8,"comment_status":"closed","ping_status":"closed","template":"","meta":{"footnotes":""},"class_list":["post-45","page","type-page","status-publish","hentry"],"_links":{"self":[{"href":"https:\/\/agat-online.org\/index.php?rest_route=\/wp\/v2\/pages\/45","targetHints":{"allow":["GET"]}}],"collection":[{"href":"https:\/\/agat-online.org\/index.php?rest_route=\/wp\/v2\/pages"}],"about":[{"href":"https:\/\/agat-online.org\/index.php?rest_route=\/wp\/v2\/types\/page"}],"author":[{"embeddable":true,"href":"https:\/\/agat-online.org\/index.php?rest_route=\/wp\/v2\/users\/1"}],"replies":[{"embeddable":true,"href":"https:\/\/agat-online.org\/index.php?rest_route=%2Fwp%2Fv2%2Fcomments&post=45"}],"version-history":[{"count":15,"href":"https:\/\/agat-online.org\/index.php?rest_route=\/wp\/v2\/pages\/45\/revisions"}],"predecessor-version":[{"id":1120,"href":"https:\/\/agat-online.org\/index.php?rest_route=\/wp\/v2\/pages\/45\/revisions\/1120"}],"wp:attachment":[{"href":"https:\/\/agat-online.org\/index.php?rest_route=%2Fwp%2Fv2%2Fmedia&parent=45"}],"curies":[{"name":"wp","href":"https:\/\/api.w.org\/{rel}","templated":true}]}}