{"id":426,"date":"2016-08-19T23:21:48","date_gmt":"2016-08-19T21:21:48","guid":{"rendered":"http:\/\/agat-online.org\/?page_id=426"},"modified":"2025-11-14T14:47:46","modified_gmt":"2025-11-14T13:47:46","slug":"willkommen","status":"publish","type":"page","link":"https:\/\/agat-online.org\/","title":{"rendered":"Willkommen &#8230;"},"content":{"rendered":"\n<p><strong>\u2026 auf der Website der Arbeitsgemeinschaft der deutschsprachigen katholischen Alttestamentlerinnen und Alttestamentler! (AGAT)<\/strong><\/p>\n\n\n\n<p>Die AGAT ist die Arbeitsgemeinschaft der deutschsprachigen katholischen Alttestamentlerinnen und Alttestamentler, die hauptamtlich oder hauptberuflich in Forschung und Lehre im Hochschulbereich t\u00e4tig oder emeritiert oder pensioniert sind sowie aller im Fach Altes Testament Habilitierten.<\/p>\n\n\n\n<p>Die Website der AGAT ist als&nbsp;<strong>Informationsplattform <\/strong>gedacht (<a href=\"https:\/\/agat-online.org\/?page_id=45\">Kontakt<\/a>).<\/p>\n\n\n\n<hr class=\"wp-block-separator has-css-opacity\"\/>\n\n\n\n<p><a href=\"https:\/\/agat-online.org\/?page_id=1165\" data-type=\"page\" data-id=\"1165\"><strong>Die AGAT trauert um ihr langj\u00e4hriges Mitglied Prof. em. Dr. Rudolf Mosis<\/strong> + 16.8.2025<\/a><\/p>\n\n\n\n<hr class=\"wp-block-separator has-alpha-channel-opacity\"\/>\n\n\n\n<p><a href=\"https:\/\/agat-online.org\/?page_id=1126\" data-type=\"page\" data-id=\"1126\"><strong>Die AGAT trauert im ihr langj\u00e4hriges Mitglied Prof. em. Dr. Theodor Seidl<\/strong> + 1.3.2025<\/a><\/p>\n\n\n\n<hr class=\"wp-block-separator has-alpha-channel-opacity\"\/>\n\n\n\n<p><a href=\"https:\/\/agat-online.org\/?page_id=1108\" data-type=\"page\" data-id=\"1108\"><strong>Die AGAT trauert um ihr langj\u00e4hriges Mitglied Prof. em. Dr. Norbert Lohfink SJ <\/strong>\u271d 23.9.2024<\/a><\/p>\n\n\n\n<hr class=\"wp-block-separator has-css-opacity\"\/>\n\n\n\n<p>Die AGAT schlie\u00dft sich dem <strong><a href=\"https:\/\/www.theologie.hu-berlin.de\/en\/iosot-2025\/iosot-statement_20-oct-2023.pdf\" data-type=\"link\" data-id=\"https:\/\/www.theologie.hu-berlin.de\/en\/iosot-2025\/iosot-statement_20-oct-2023.pdf\" target=\"_blank\" rel=\"noreferrer noopener\">Statement of the <em>International Organization for the Study of the Old Testament<\/em> (IOSOT) on the terrorism attacks of October 7, 2023<\/a> <\/strong>&nbsp;sowie der gemeinsamen <a rel=\"noreferrer noopener\" href=\"https:\/\/kthf.de\/das-darf-nicht-sein\/\" target=\"_blank\"><strong>Erkl\u00e4rung von Katholisch-Theologischem und Evangelisch-Theologischem Fakult\u00e4tentag<\/strong><\/a> vollinhaltlich an.<\/p>\n\n\n\n<hr class=\"wp-block-separator has-css-opacity\"\/>\n\n\n\n<p><a href=\"https:\/\/agat-online.org\/?page_id=1103\" data-type=\"page\" data-id=\"1103\">Vereinigung der Arbeitsgemeinschaften f\u00fcr Katholische Theologie: Erkl\u00e4rung angesichts des \u00dcberfalls auf die Synagoge in Halle<\/a><\/p>\n\n\n\n<div class=\"wp-block-buttons is-layout-flex wp-block-buttons-is-layout-flex\">\n<div class=\"wp-block-button\"><a class=\"wp-block-button__link wp-element-button\" href=\"https:\/\/agat-online.org\/wp-login.php?\" target=\"_blank\" rel=\"noreferrer noopener\">AGAT<\/a><\/div>\n<\/div>\n\n\n\n<div class=\"wp-block-buttons is-layout-flex wp-block-buttons-is-layout-flex\"><\/div>\n","protected":false},"excerpt":{"rendered":"<p>\u2026 auf der Website der Arbeitsgemeinschaft der deutschsprachigen katholischen Alttestamentlerinnen und Alttestamentler! (AGAT) Die AGAT ist die Arbeitsgemeinschaft der deutschsprachigen katholischen Alttestamentlerinnen und Alttestamentler, die hauptamtlich oder hauptberuflich in Forschung und Lehre im Hochschulbereich t\u00e4tig oder emeritiert oder pensioniert sind sowie aller im Fach Altes Testament Habilitierten. Die Website der AGAT ist als&nbsp;Informationsplattform gedacht (Kontakt). &hellip; <a href=\"https:\/\/agat-online.org\/\" class=\"more-link\"><span class=\"screen-reader-text\">\u201eWillkommen &#8230;\u201c <\/span>weiterlesen<\/a><\/p>\n","protected":false},"author":1,"featured_media":0,"parent":0,"menu_order":0,"comment_status":"closed","ping_status":"closed","template":"","meta":{"footnotes":""},"class_list":["post-426","page","type-page","status-publish","hentry"],"_links":{"self":[{"href":"https:\/\/agat-online.org\/index.php?rest_route=\/wp\/v2\/pages\/426","targetHints":{"allow":["GET"]}}],"collection":[{"href":"https:\/\/agat-online.org\/index.php?rest_route=\/wp\/v2\/pages"}],"about":[{"href":"https:\/\/agat-online.org\/index.php?rest_route=\/wp\/v2\/types\/page"}],"author":[{"embeddable":true,"href":"https:\/\/agat-online.org\/index.php?rest_route=\/wp\/v2\/users\/1"}],"replies":[{"embeddable":true,"href":"https:\/\/agat-online.org\/index.php?rest_route=%2Fwp%2Fv2%2Fcomments&post=426"}],"version-history":[{"count":35,"href":"https:\/\/agat-online.org\/index.php?rest_route=\/wp\/v2\/pages\/426\/revisions"}],"predecessor-version":[{"id":1182,"href":"https:\/\/agat-online.org\/index.php?rest_route=\/wp\/v2\/pages\/426\/revisions\/1182"}],"wp:attachment":[{"href":"https:\/\/agat-online.org\/index.php?rest_route=%2Fwp%2Fv2%2Fmedia&parent=426"}],"curies":[{"name":"wp","href":"https:\/\/api.w.org\/{rel}","templated":true}]}}