{"id":355,"date":"2015-09-04T09:28:20","date_gmt":"2015-09-04T07:28:20","guid":{"rendered":"http:\/\/agat-online.org\/?page_id=355"},"modified":"2025-05-26T09:21:11","modified_gmt":"2025-05-26T07:21:11","slug":"vergangene-jahrestreffen","status":"publish","type":"page","link":"https:\/\/agat-online.org\/?page_id=355","title":{"rendered":"Jahrestagungen der AGAT"},"content":{"rendered":"\n<p>Bei den Tagungen sind auch die jeweiligen <strong>Publikationen<\/strong>, die dazu erschienen sind und die Tagungsbeitr\u00e4ge in \u00fcberarbeiteter Form dokumentieren, aufgelistet.<\/p>\n\n\n\n<p><a href=\"https:\/\/agat-online.org\/?page_id=24\">zu den zuk\u00fcnftigen Tagungen<\/a><\/p>\n\n\n\n<p><strong>02.\u201305.09.2024: Bonn \/ K\u00f6nigswinter<\/strong><\/p>\n\n\n\n<ul class=\"wp-block-list\">\n<li>Thema: <strong>Machtdiskurse in den Psalmen: zwischen Staunen, Hoffnung und Widerstand<\/strong><\/li>\n\n\n\n<li>Inhaltliche Vorbereitung: Sigrid Eder, Kathrin Gies, Susanne Gillmayr-Bucher, Johannes Schnocks, Agnethe Siquans<\/li>\n\n\n\n<li>Organisation: Kirsten Sch\u00e4fers, Ulrich Berges<\/li>\n\n\n\n<li>Wahl des vorsitzenden und stellv. vorsitzenden Mitglieds<\/li>\n<\/ul>\n\n\n\n<figure class=\"wp-block-image size-large\"><a href=\"https:\/\/agat-online.org\/wp-content\/uploads\/2025\/05\/AGAT-2024-Schwarzrheindorf-scaled.jpg\"><img loading=\"lazy\" decoding=\"async\" width=\"1024\" height=\"648\" src=\"https:\/\/agat-online.org\/wp-content\/uploads\/2025\/05\/AGAT-2024-Schwarzrheindorf-1024x648.jpg\" alt=\"\" class=\"wp-image-1153\" srcset=\"https:\/\/agat-online.org\/wp-content\/uploads\/2025\/05\/AGAT-2024-Schwarzrheindorf-1024x648.jpg 1024w, https:\/\/agat-online.org\/wp-content\/uploads\/2025\/05\/AGAT-2024-Schwarzrheindorf-300x190.jpg 300w, https:\/\/agat-online.org\/wp-content\/uploads\/2025\/05\/AGAT-2024-Schwarzrheindorf-768x486.jpg 768w, https:\/\/agat-online.org\/wp-content\/uploads\/2025\/05\/AGAT-2024-Schwarzrheindorf-1536x972.jpg 1536w, https:\/\/agat-online.org\/wp-content\/uploads\/2025\/05\/AGAT-2024-Schwarzrheindorf-2048x1296.jpg 2048w, https:\/\/agat-online.org\/wp-content\/uploads\/2025\/05\/AGAT-2024-Schwarzrheindorf-1200x759.jpg 1200w\" sizes=\"auto, (max-width: 709px) 85vw, (max-width: 909px) 67vw, (max-width: 1362px) 62vw, 840px\" \/><\/a><\/figure>\n\n\n\n<p>F\u00fchrung durch Christoph Dohmen und Michael Konkel in der Doppelkirche Schwarzrheindorf (Ezechiel-Zyklus) (Foto: Thomas Hieke)<\/p>\n\n\n\n<p><strong>04.\u201307.09.2023: Berlin&nbsp;<\/strong><\/p>\n\n\n\n<figure class=\"wp-block-image size-large\"><a href=\"https:\/\/agat-online.org\/wp-content\/uploads\/2023\/09\/AGAT-Gruppenbild-scaled.jpg\"><img loading=\"lazy\" decoding=\"async\" width=\"1024\" height=\"513\" src=\"https:\/\/agat-online.org\/wp-content\/uploads\/2023\/09\/AGAT-Gruppenbild-1024x513.jpg\" alt=\"\" class=\"wp-image-1061\" srcset=\"https:\/\/agat-online.org\/wp-content\/uploads\/2023\/09\/AGAT-Gruppenbild-1024x513.jpg 1024w, https:\/\/agat-online.org\/wp-content\/uploads\/2023\/09\/AGAT-Gruppenbild-300x150.jpg 300w, https:\/\/agat-online.org\/wp-content\/uploads\/2023\/09\/AGAT-Gruppenbild-768x385.jpg 768w, https:\/\/agat-online.org\/wp-content\/uploads\/2023\/09\/AGAT-Gruppenbild-1536x770.jpg 1536w, https:\/\/agat-online.org\/wp-content\/uploads\/2023\/09\/AGAT-Gruppenbild-2048x1026.jpg 2048w, https:\/\/agat-online.org\/wp-content\/uploads\/2023\/09\/AGAT-Gruppenbild-1200x601.jpg 1200w\" sizes=\"auto, (max-width: 709px) 85vw, (max-width: 909px) 67vw, (max-width: 1362px) 62vw, 840px\" \/><\/a><\/figure>\n\n\n\n<p>(Foto: Franziska Richter)<\/p>\n\n\n\n<ul class=\"wp-block-list\">\n<li>Thema: <strong>Die jud\u00e4ische Milit\u00e4rkolonie in Elephantine als wichtige Referenzgr\u00f6\u00dfe f\u00fcr Sozial-, Kultur- und Religionsgeschichte der nachexilischen Zeit<\/strong><\/li>\n\n\n\n<li>Inhaltliche Vorbereitung: Maria H\u00e4usl, Oliver Dyma, Erasmus Ga\u00df<\/li>\n\n\n\n<li>Organisation: Katharina Pyschny, Johannes Schiller, Marlen Bunzel<\/li>\n\n\n\n<li>Informationen zu Inhalt und Organisatorischem rund um die Tagung finden sich auf dieser Seite: <a href=\"https:\/\/t1p.de\/agatberlin2023\">https:\/\/t1p.de\/agatberlin2023<\/a><\/li>\n<\/ul>\n\n\n\n<p><strong>08.\u201312.08.2022: <a href=\"https:\/\/www.iosot2022.uzh.ch\/en.html\" target=\"_blank\" rel=\"noreferrer noopener\">IOSOT in Z\u00fcrich<\/a><\/strong><\/p>\n\n\n\n<p><strong>31.03.2022: Au\u00dferordentliche digitale Mitgliederversammlung (BBB)<\/strong><\/p>\n\n\n\n<p><strong>30.08.-02.09.2021: Online (ZOOM); geplant war: <\/strong><a rel=\"noreferrer noopener\" href=\"https:\/\/agat-online.org\/?page_id=816\" target=\"_blank\">Matrei am Brenner (Tirol)<\/a><\/p>\n\n\n\n<ul class=\"wp-block-list\">\n<li>Thema: Prophetie in Tenach, Bibel und Qur&#8217;an: Konturen &#8211; Strukturen &#8211; Figuren&nbsp;<\/li>\n\n\n\n<li><a rel=\"noreferrer noopener\" href=\"https:\/\/agat-online.org\/?page_id=806\" target=\"_blank\">Programm und Aktuelles<\/a><\/li>\n\n\n\n<li>Inhaltliche Vorbereitung: Gerhard Langer, Marie-Theres Wacker, Ulrike Bechmann<\/li>\n\n\n\n<li>Organisation: Georg Fischer (Planung Matrei); Ilse M\u00fcllner (ZOOM)<\/li>\n<\/ul>\n\n\n<p><strong>31.08.-03.09.2020:&nbsp;W\u00fcrzburg (Himmelspforten)<\/strong><\/p>\n<p>Aufgrund der Corona-Virus-Pandemie musste die AGAT diese Tagung absagen. Den Brief des Vorstands mit weiteren Informationen finden Sie dazu <a href=\"https:\/\/agat-online.org\/wp-content\/uploads\/2020\/05\/Absage_Brief-an-die-Mitglieder_2020_05_07.pdf\" target=\"_blank\" rel=\"noopener noreferrer\">hier<\/a>. Das Programm (s.u.) zeigt, was alles geplant war &#8230;<\/p>\n<ul>\n<li>Thema: Das Alte Testament und seine Kommentare<\/li>\n<li>Inhaltliche Vorbereitung: Christoph Dohmen<\/li>\n<li>Organisation:&nbsp;Barbara Schmitz<\/li>\n<li><a href=\"https:\/\/agat-online.org\/wp-content\/uploads\/2020\/05\/Programm-AGAT-2020.pdf\" target=\"_blank\" rel=\"noopener noreferrer\">Das geplante Programm (PDF)<\/a><\/li>\n<\/ul>\n<p>Tagungsband: Christoph <span>Dohmen (Hg.), Das Alte Testament und seine Kommentare (SBB 81), Stuttgart: Verlag Katholisches Bibelwerk, 2021 (<\/span><a href=\"https:\/\/www.uni-regensburg.de\/assets\/theologie\/exegese-hermeneutik-altes-testament\/Publikationen-Inhaltsverz\/Inhaltsverzeichnis-Das_Alte_Testament_und_seine_Kommentare.pdf\"><span>Inhaltsverzeichnis)<\/span><\/a><\/p>\n<p><strong>2019: <a href=\"https:\/\/www.abdn.ac.uk\/events\/conferences\/iosot\/index.php\" target=\"_blank\" rel=\"noopener noreferrer\">IOSOT in Aberdeen<\/a> (J. Schaper; August 2019)<\/strong><\/p>\n<p><strong>03.-06.09.2018: Augsburg<\/strong><\/p>\n<p><a href=\"https:\/\/agat-online.org\/wp-content\/uploads\/2018\/09\/AGAT-Augsburg-2018.jpg\"><img loading=\"lazy\" decoding=\"async\" class=\"alignleft size-large wp-image-603\" src=\"https:\/\/agat-online.org\/wp-content\/uploads\/2018\/09\/AGAT-Augsburg-2018-1024x576.jpg\" alt=\"\" width=\"840\" height=\"473\" srcset=\"https:\/\/agat-online.org\/wp-content\/uploads\/2018\/09\/AGAT-Augsburg-2018-1024x576.jpg 1024w, https:\/\/agat-online.org\/wp-content\/uploads\/2018\/09\/AGAT-Augsburg-2018-300x169.jpg 300w, https:\/\/agat-online.org\/wp-content\/uploads\/2018\/09\/AGAT-Augsburg-2018-768x432.jpg 768w, https:\/\/agat-online.org\/wp-content\/uploads\/2018\/09\/AGAT-Augsburg-2018-1200x675.jpg 1200w, https:\/\/agat-online.org\/wp-content\/uploads\/2018\/09\/AGAT-Augsburg-2018.jpg 1988w\" sizes=\"auto, (max-width: 709px) 85vw, (max-width: 909px) 67vw, (max-width: 1362px) 62vw, 840px\" \/><\/a><\/p>\n<ul>\n<li>Thema: &#8222;Das Buch Josua und seine Kontexte&#8220;<\/li>\n<li><a href=\"https:\/\/agat-online.org\/wp-content\/uploads\/2020\/09\/978-3-460-00761-7_S_009-010_SBB_76.pdf\" target=\"_blank\" rel=\"noopener noreferrer\">Inhaltsverzeichnis<\/a> des Tagungsbandes, der 2020 erschienen ist<\/li>\n<li>Inhaltliche Vorbereitung: Egbert Ballhorn<\/li>\n<li>Organisation: Franz Sedlmeier<\/li>\n<li><a href=\"https:\/\/agat-online.org\/wp-content\/uploads\/2018\/09\/2018.09.05ProgrammFinal.pdf\" target=\"_blank\" rel=\"noopener noreferrer\">Programm<\/a><\/li>\n<li><a href=\"https:\/\/agat-online.org\/wp-content\/uploads\/2018\/04\/cfp.pdf\" target=\"_blank\" rel=\"noopener noreferrer\">Call for Short Papers<\/a><\/li>\n<\/ul>\n<p>Tagungsband: <span style=\"font-weight: 400;\">Egbert Ballhorn (Hg.), \u00dcberg\u00e4nge. Das Buch Josua in seinen Kontexten (SBB 76), Stuttgart: Verlag Katholisches Bibelwerk, 2020 (<\/span><a href=\"https:\/\/d-nb.info\/1201506735\/04\"><span style=\"font-weight: 400;\">Inhaltsverzeichnis)<\/span><\/a><\/p>\n<p><strong>04.-07.09.2017: Kassel (mit Besuch der Documenta 14)<\/strong><\/p>\n<ul>\n<li>Thema: &#8222;Perspektiven. Biblische Texte und Narratologie&#8220;<\/li>\n<li>Inhaltliche Vorbereitung: Ilse M\u00fcllner, Barbara Schmitz<\/li>\n<li>Organisation: Ilse M\u00fcllner<\/li>\n<li><a href=\"https:\/\/agat-online.org\/wp-content\/uploads\/2018\/09\/Protokoll_Gesch\u00e4ftssitzung_Kassel_13.pdf\" target=\"_blank\" rel=\"noopener noreferrer\">Protokoll der ordentlichen Mitgliederversammlung am 5. September 2017<\/a><\/li>\n<li><a href=\"https:\/\/agat-online.org\/wp-content\/uploads\/2018\/03\/AGAT-Programm-2017_.pdf\" target=\"_blank\" rel=\"noopener noreferrer\">Aktualisiertes Programm<\/a><\/li>\n<\/ul>\n<p>Tagungsband: M\u00fcllner, Ilse\/Schmitz, Barbara (Hg.): Perspektiven. Biblische Texte und Narratologie (SBB 75), Stuttgart: Verlag Katholisches Bibelwerk, 2018.<\/p>\n<p><strong>04.-09.09.2016: <a href=\"http:\/\/iosot2016.co.za\/home-de\/\" target=\"_blank\" rel=\"noopener noreferrer\">IOSOT in Stellenbosch<\/a><\/strong><\/p>\n<\/p>\n<p><strong>31.08.-03.09.2015: Wien<\/strong><\/p>\n<ul>\n<li>Thema: &#8222;Das Hohelied&#8220;<\/li>\n<li>Inhaltliche Vorbereitung: Ludger Schwienhorst-Sch\u00f6nberger<\/li>\n<li>Organisation: Ludger Schwienhorst-Sch\u00f6nberger<\/li>\n<li><a href=\"https:\/\/agat-online.org\/wp-content\/uploads\/2017\/09\/Protokoll_Wien_2015_02_Sept.pdf\" target=\"_blank\" rel=\"noopener noreferrer\">Protokoll der ordentlichen Mitgliederversammlung am 1. September&nbsp;2015<\/a>&nbsp;(passwortgesch\u00fctzt)<\/li>\n<li><a href=\"https:\/\/agat-online.org\/wp-content\/uploads\/2015\/09\/AGAT-Programm-Hld-2015_Wien.pdf\" target=\"_blank\" rel=\"noopener noreferrer\">Aktualisiertes Programm<\/a><\/li>\n<li>Schwienhorst-Sch\u00f6nberger, Ludger (Hg.): Das Hohelied im Konflikt der Interpretationen (\u00d6BS), Wien: Peter Lang, 2017.<\/li>\n<\/ul>\n<p><strong>01.-04.09.2014: Erfurt, Augustinerkloster<\/strong><\/p>\n<ul>\n<li>Thema: &#8222;Alttestamentliche Ethik&#8220;<\/li>\n<li>Inhaltliche Vorbereitung: Christian Frevel<\/li>\n<li>Organisation: Norbert Clemens Baumgart<\/li>\n<li><a href=\"https:\/\/agat-online.org\/wp-content\/uploads\/2015\/09\/AGAT-Protokoll-2014_genehmigte_Fassung2015.pdf\" target=\"_blank\" rel=\"noopener noreferrer\">Protokoll der ordentlichen Mitgliederversammlung am 5. September&nbsp;2014<\/a> (passwortgesch\u00fctzt)<\/li>\n<li><a href=\"https:\/\/agat-online.org\/wp-content\/uploads\/2012\/04\/Jahrestagung_AGAT_Erfurt_2014.pdf\">Aktualisiertes Programm<\/a>&nbsp;(18. August 2014)<\/li>\n<li>Frevel, Christian (Hg.): Mehr als Zehn Worte? Zur Bedeutung des Alten Testamentes in ethischen Fragen (QD 273), Freiburg\/Br.: Herder, 2015.<\/li>\n<\/ul>\n<p><strong><strong>04.08.-09.08.2013: <a href=\"http:\/\/www.en.iosot2013.evtheol.uni-muenchen.de\/welcome\/willkommen\/index.html\" target=\"_blank\" rel=\"noopener noreferrer\">IOSOT in M\u00fcnchen<\/a><\/strong><\/strong><\/p>\n<\/p>\n<p><strong>03.09.-06.09.2012: Paderborn<\/strong><\/p>\n<ul>\n<li>Thema: &#8222;Gesellschaft und Religion in der deuterokanonischen Literatur&#8220;<\/li>\n<li>Inhaltliche Vorbereitung: Friedrich V. Reiterer, Renate Egger-Wenzel<\/li>\n<li>Organisation: Michael Konkel<\/li>\n<li><a href=\"https:\/\/agat-online.org\/wp-content\/uploads\/2014\/08\/AGAT_2014_Geschaeftssitzung.pdf\">Einladung zur Gesch\u00e4ftssitzung und Protokoll der ordentlichen Mitgliederversammlung am 4. September 2012<\/a>&nbsp;(passwortgesch\u00fctzt)<\/li>\n<li>Einladung, Programm und Anmeldeformular:&nbsp;<a href=\"https:\/\/agat-online.org\/wp-content\/uploads\/2012\/09\/EinladungAGAT2012.pdf\">EinladungAGAT2012<\/a><\/li>\n<li>Einladung zur Mitgliederversammlung:&nbsp;<a href=\"https:\/\/agat-online.org\/wp-content\/uploads\/2012\/09\/MitgliederversAGAT2012.pdf\">hier (passwortgesch\u00fctzt)<\/a><\/li>\n<li>Reiterer, Friedrich V.\/Egger-Wenzel, Renate\/El\u00dfner, Thomas R. (Hg.): Gesellschaft und Religion in der sp\u00e4tbiblischen und deuterokanonischen Literatur (DCLS 20), Berlin: de Gruyter, 2014.<\/li>\n<\/ul>\n<p><strong>05.09.-09.09.2011: Regensburg\/Haus Werdenfels (Nittendorf)<\/strong><\/p>\n<ul>\n<li>Thema: &#8222;Krieg, Macht und Gewalt&#8220; &#8211;&nbsp;<a href=\"https:\/\/agat-online.org\/wp-content\/uploads\/2012\/12\/AGATProgrammRegensburg2011.pdf\" target=\"_blank\" rel=\"noopener noreferrer\">Programm<\/a><\/li>\n<li>Inhaltliche Vorbereitung: Irmtraud Fischer<\/li>\n<li>Organisation: Christoph Dohmen<\/li>\n<li><a href=\"https:\/\/agat-online.org\/wp-content\/uploads\/2012\/09\/ProtokollAGAT2011.pdf\">Protokoll der ordentlichen Mitgliederversammlung am 6. September 2011<\/a>&nbsp;(passwortgesch\u00fctzt)<\/li>\n<li>Fischer, Irmtraud (Hg.): Macht &#8211; Gewalt &#8211; Krieg im Alten Testament. Gesellschaftliche Problematik und das Problem ihrer Repr\u00e4sentation (QD 254), Freiburg\/Br.: Herder, 2013.<\/li>\n<\/ul>\n<p><strong>31.08. bis 03.09.2009: Salzburg<\/strong><\/p>\n<ul>\n<li>Thema: &#8222;Das Deuteronomistische Geschichtswerk&#8220; &#8211;&nbsp;<a href=\"https:\/\/agat-online.org\/wp-content\/uploads\/2012\/12\/AGATProgrammSalzburg2009.pdf\" target=\"_blank\" rel=\"noopener noreferrer\">Programm<\/a><\/li>\n<li>Planung: H.-J. Stipp<\/li>\n<li>Organisation: F. Reiterer, R. Egger-Wenzel<\/li>\n<li><a href=\"https:\/\/agat-online.org\/wp-content\/uploads\/2012\/12\/ProtokollAGAT2009.pdf\" target=\"_blank\" rel=\"noopener noreferrer\">Protokoll der ordentlichen Mitgliederversammlung am 1. September 2009<\/a>&nbsp;(passwortgesch\u00fctzt)<\/li>\n<li>Stipp, Hermann-Josef (Hg.): Das deuteronomistische Geschichtswerk (\u00d6BS 39), Frankfurt u.a.: Peter Lang, 2011.<\/li>\n<\/ul>\n<p><strong>01.09.-04.09.2008: M\u00fcnster<\/strong><\/p>\n<ul>\n<li>Thema: &#8222;Anthropologie im Alten Testament&#8220; &#8211;&nbsp;<a href=\"https:\/\/agat-online.org\/wp-content\/uploads\/2012\/12\/AGATProgrammMuenster2008.pdf\" target=\"_blank\" rel=\"noopener noreferrer\">Programm<\/a><\/li>\n<li>Planung: C.&nbsp; Frevel<\/li>\n<li>Organisation: U. Berges und M.-Th. Wacker<\/li>\n<li><a href=\"https:\/\/agat-online.org\/wp-content\/uploads\/2012\/12\/ProtokollAGAT2008.pdf\" target=\"_blank\" rel=\"noopener noreferrer\">Protokoll der ordentlichen Mitgliederversammlung am 2. September 2008<\/a>&nbsp;(passwortgesch\u00fctzt)<\/li>\n<li>Frevel, Christian (Hg.): Biblische Anthropologie. Neue Einsichten aus dem Alten Testament (QD 237), Freiburg\/Br.: Herder, 2010.<\/li>\n<\/ul>\n<p><strong>04.09.-08.09.2006: Strasbourg<\/strong><\/p>\n<ul>\n<li>Thema: &#8222;Die Septuaginta&#8220; &#8211;&nbsp;<a href=\"https:\/\/agat-online.org\/wp-content\/uploads\/2012\/12\/AGATProgrammStrasbourg2006.pdf\" target=\"_blank\" rel=\"noopener noreferrer\">Programm<\/a><\/li>\n<li>Planung: H.-J. Fabry<\/li>\n<li>Organisation: E. Bons\/I. Fischer<\/li>\n<li><a href=\"https:\/\/agat-online.org\/wp-content\/uploads\/2012\/12\/ProtokollAGAT2006.pdf\" target=\"_blank\" rel=\"noopener noreferrer\">Protokoll der ordentlichen Mitgliederversammlung am 5. September 2006<\/a>&nbsp;(passwortgesch\u00fctzt)<\/li>\n<li>Fabry, Heinz-Josef\/B\u00f6hler, Dieter (Hg.): Im Brennpunkt: Die Septuaginta (Band 3: Studien zur Theologie, Anthropologie, Ekklesiologie, Eschatologie und Liturgie der Griechischen Bibel), Stuttgart: Kohlhammer, 2007.<\/li>\n<\/ul>\n<p><strong>29.08.-02.09.2005: Olomouc<\/strong><\/p>\n<ul>\n<li>Thema: &#8222;Das Buch Ijob&#8220; &#8211;&nbsp;<a href=\"https:\/\/agat-online.org\/wp-content\/uploads\/2012\/12\/AGATProgrammOlomouc2005.pdf\" target=\"_blank\" rel=\"noopener noreferrer\">Programm<\/a><\/li>\n<li>Planung\/Organisation: T. Seidl<\/li>\n<li><a href=\"https:\/\/agat-online.org\/wp-content\/uploads\/2012\/12\/ProtokollAGAT2005.pdf\" target=\"_blank\" rel=\"noopener noreferrer\">Protokoll der ordentlichen Mitgliederversammlung am 30. August 2005<\/a>&nbsp;(passwortgesch\u00fctzt)<\/li>\n<li>Seidl, Theodor\/Ernst, Stephanie (Hg.): Das Buch Ijob. Gesamtdeutungen \u2013 Einzeltexte \u2013 Zentrale Themen (\u00d6BS), Frankfurt\/M.: Peter Lang, 2007.<\/li>\n<\/ul>\n<p><strong>01.09.-04.09.2003: Freiburg i.Br.<\/strong><\/p>\n<ul>\n<li>Thema: &#8222;Gestalt und Verwandlung des Mythischen in der Bildsprache von Psalmen und Propheten&#8220;<\/li>\n<li>Planung\/Organisation: H. Irsigler<\/li>\n<li>Irsigler, Hubert (Hg.),&nbsp; Mythisches in biblischer Bildsprache. Gestalt und Verwandlung in Prophetie und Psalmen (QD 209), Freiburg i. Br.: Herder, 2004.<\/li>\n<\/ul>","protected":false},"excerpt":{"rendered":"<p>Bei den Tagungen sind auch die jeweiligen Publikationen, die dazu erschienen sind und die Tagungsbeitr\u00e4ge in \u00fcberarbeiteter Form dokumentieren, aufgelistet. zu den zuk\u00fcnftigen Tagungen 02.\u201305.09.2024: Bonn \/ K\u00f6nigswinter F\u00fchrung durch Christoph Dohmen und Michael Konkel in der Doppelkirche Schwarzrheindorf (Ezechiel-Zyklus) (Foto: Thomas Hieke) 04.\u201307.09.2023: Berlin&nbsp; (Foto: Franziska Richter) 08.\u201312.08.2022: IOSOT in Z\u00fcrich 31.03.2022: Au\u00dferordentliche digitale &hellip; <a href=\"https:\/\/agat-online.org\/?page_id=355\" class=\"more-link\"><span class=\"screen-reader-text\">\u201eJahrestagungen der AGAT\u201c <\/span>weiterlesen<\/a><\/p>\n","protected":false},"author":1,"featured_media":0,"parent":0,"menu_order":4,"comment_status":"closed","ping_status":"closed","template":"","meta":{"footnotes":""},"class_list":["post-355","page","type-page","status-publish","hentry"],"_links":{"self":[{"href":"https:\/\/agat-online.org\/index.php?rest_route=\/wp\/v2\/pages\/355","targetHints":{"allow":["GET"]}}],"collection":[{"href":"https:\/\/agat-online.org\/index.php?rest_route=\/wp\/v2\/pages"}],"about":[{"href":"https:\/\/agat-online.org\/index.php?rest_route=\/wp\/v2\/types\/page"}],"author":[{"embeddable":true,"href":"https:\/\/agat-online.org\/index.php?rest_route=\/wp\/v2\/users\/1"}],"replies":[{"embeddable":true,"href":"https:\/\/agat-online.org\/index.php?rest_route=%2Fwp%2Fv2%2Fcomments&post=355"}],"version-history":[{"count":30,"href":"https:\/\/agat-online.org\/index.php?rest_route=\/wp\/v2\/pages\/355\/revisions"}],"predecessor-version":[{"id":1154,"href":"https:\/\/agat-online.org\/index.php?rest_route=\/wp\/v2\/pages\/355\/revisions\/1154"}],"wp:attachment":[{"href":"https:\/\/agat-online.org\/index.php?rest_route=%2Fwp%2Fv2%2Fmedia&parent=355"}],"curies":[{"name":"wp","href":"https:\/\/api.w.org\/{rel}","templated":true}]}}