{"id":24,"date":"2012-04-12T15:55:46","date_gmt":"2012-04-12T13:55:46","guid":{"rendered":"http:\/\/agat-online.org\/?page_id=24"},"modified":"2025-05-26T09:12:30","modified_gmt":"2025-05-26T07:12:30","slug":"tagungen","status":"publish","type":"page","link":"https:\/\/agat-online.org\/?page_id=24","title":{"rendered":"Tagungen"},"content":{"rendered":"\n<div class=\"wp-block-group\"><div class=\"wp-block-group__inner-container is-layout-flow wp-block-group-is-layout-flow\">\n<h2 class=\"wp-block-heading\"><strong>Termin und Ort der n\u00e4chsten AGAT-Tagung<\/strong><\/h2>\n\n\n\n<p><strong>11.\u201315.08.2025: IOSOT Berlin<\/strong><\/p>\n\n\n\n<p><a href=\"https:\/\/agat-online.org\/?page_id=1087\" data-type=\"page\" data-id=\"1087\"><strong>31.8.\u201303.09.2026: M\u00fcnster<\/strong> (Franz-Hitze-Haus)<\/a><\/p>\n\n\n\n<ul class=\"wp-block-list\">\n<li>Thema: <strong>AT und \u00d6kologie (Arbeitstitel)<\/strong><\/li>\n\n\n\n<li>Inhaltliche Vorbereitung: Tobias H\u00e4ner, Thomas Hieke, Carolin Neuber, Hans-Ulrich Steymans (unter Mitarbeit von Juliane Eckstein, Lara Mayer und Christine Sch\u00fctz)<\/li>\n\n\n\n<li>Organisation: Oliver Dyma, Johannes Schnocks<\/li>\n<\/ul>\n\n\n\n<p><strong style=\"font-size: 20px;\">Vorausblick auf die \u00fcbern\u00e4chsten Tagungen<\/strong><\/p>\n\n\n\n<p><strong>2028<\/strong><\/p>\n\n\n\n<p><a href=\"https:\/\/agat-online.org\/?page_id=355\">Zur \u00dcbersicht \u00fcber die vergangenen Jahrestagungen<\/a><\/p>\n<\/div><\/div>\n","protected":false},"excerpt":{"rendered":"<p>Termin und Ort der n\u00e4chsten AGAT-Tagung 11.\u201315.08.2025: IOSOT Berlin 31.8.\u201303.09.2026: M\u00fcnster (Franz-Hitze-Haus) Vorausblick auf die \u00fcbern\u00e4chsten Tagungen 2028 Zur \u00dcbersicht \u00fcber die vergangenen Jahrestagungen<\/p>\n","protected":false},"author":1,"featured_media":0,"parent":0,"menu_order":3,"comment_status":"closed","ping_status":"closed","template":"","meta":{"footnotes":""},"class_list":["post-24","page","type-page","status-publish","hentry"],"_links":{"self":[{"href":"https:\/\/agat-online.org\/index.php?rest_route=\/wp\/v2\/pages\/24","targetHints":{"allow":["GET"]}}],"collection":[{"href":"https:\/\/agat-online.org\/index.php?rest_route=\/wp\/v2\/pages"}],"about":[{"href":"https:\/\/agat-online.org\/index.php?rest_route=\/wp\/v2\/types\/page"}],"author":[{"embeddable":true,"href":"https:\/\/agat-online.org\/index.php?rest_route=\/wp\/v2\/users\/1"}],"replies":[{"embeddable":true,"href":"https:\/\/agat-online.org\/index.php?rest_route=%2Fwp%2Fv2%2Fcomments&post=24"}],"version-history":[{"count":92,"href":"https:\/\/agat-online.org\/index.php?rest_route=\/wp\/v2\/pages\/24\/revisions"}],"predecessor-version":[{"id":1151,"href":"https:\/\/agat-online.org\/index.php?rest_route=\/wp\/v2\/pages\/24\/revisions\/1151"}],"wp:attachment":[{"href":"https:\/\/agat-online.org\/index.php?rest_route=%2Fwp%2Fv2%2Fmedia&parent=24"}],"curies":[{"name":"wp","href":"https:\/\/api.w.org\/{rel}","templated":true}]}}