{"id":1165,"date":"2025-08-29T11:52:28","date_gmt":"2025-08-29T09:52:28","guid":{"rendered":"https:\/\/agat-online.org\/?page_id=1165"},"modified":"2025-08-29T11:54:56","modified_gmt":"2025-08-29T09:54:56","slug":"die-agat-trauert-um-prof-em-dr-rudolf-mosis-%e2%9c%9d-16-8-2025","status":"publish","type":"page","link":"https:\/\/agat-online.org\/?page_id=1165","title":{"rendered":"Die AGAT trauert um Prof. em. Dr. Rudolf Mosis \u271d 16.8.2025"},"content":{"rendered":"\n<p>Am Samstag, 16. August 2025, ist Prof. Dr. Rudolf Mosis, Priester der Erzdi\u00f6zese Freiburg und Ordinarius f\u00fcr Alttestamentliche Wissenschaft an den Universit\u00e4ten Eichst\u00e4tt und Mainz, zwischen 10:30 und 11:00 Uhr im Alter von 92 Jahren im Altenheim Residenz in Trier verstorben.<\/p>\n\n\n\n<p>Requiem und Trauerfeier fanden am Mittwoch, den 27. August 2025, in St. Paulin, Trier statt.<\/p>\n\n\n\n<figure class=\"wp-block-image size-large\"><a href=\"https:\/\/agat-online.org\/wp-content\/uploads\/2025\/08\/Rudolf-Mosis.jpg\"><img loading=\"lazy\" decoding=\"async\" width=\"778\" height=\"1024\" src=\"https:\/\/agat-online.org\/wp-content\/uploads\/2025\/08\/Rudolf-Mosis-778x1024.jpg\" alt=\"\" class=\"wp-image-1166\" srcset=\"https:\/\/agat-online.org\/wp-content\/uploads\/2025\/08\/Rudolf-Mosis-778x1024.jpg 778w, https:\/\/agat-online.org\/wp-content\/uploads\/2025\/08\/Rudolf-Mosis-228x300.jpg 228w, https:\/\/agat-online.org\/wp-content\/uploads\/2025\/08\/Rudolf-Mosis-768x1010.jpg 768w, https:\/\/agat-online.org\/wp-content\/uploads\/2025\/08\/Rudolf-Mosis.jpg 1033w\" sizes=\"auto, (max-width: 778px) 85vw, 778px\" \/><\/a><\/figure>\n\n\n\n<p>Bild: Franz Sedlmeier<\/p>\n\n\n\n<p>Ein ausf\u00fchrlicher Nachruf findet sich unter: <a href=\"https:\/\/www.at.kath.theologie.uni-mainz.de\/2025\/08\/19\/trauer-um-univ-prof-em-dr-rudolf-mosis-1933-2025\/\">https:\/\/www.at.kath.theologie.uni-mainz.de\/2025\/08\/19\/trauer-um-univ-prof-em-dr-rudolf-mosis-1933-2025\/<\/a><\/p>\n\n\n\n<p>Die AGAT beh\u00e4lt den Verstorbenen als einen engagierten und streitbaren Kollegen in Errinerung und wird ihm ein ehrendes Andenken bewahren.\u00a0<br>M\u00f6ge er in Frieden ruhen.<\/p>\n","protected":false},"excerpt":{"rendered":"<p>Am Samstag, 16. August 2025, ist Prof. Dr. Rudolf Mosis, Priester der Erzdi\u00f6zese Freiburg und Ordinarius f\u00fcr Alttestamentliche Wissenschaft an den Universit\u00e4ten Eichst\u00e4tt und Mainz, zwischen 10:30 und 11:00 Uhr im Alter von 92 Jahren im Altenheim Residenz in Trier verstorben. Requiem und Trauerfeier fanden am Mittwoch, den 27. August 2025, in St. Paulin, Trier &hellip; <a href=\"https:\/\/agat-online.org\/?page_id=1165\" class=\"more-link\"><span class=\"screen-reader-text\">\u201eDie AGAT trauert um Prof. em. Dr. Rudolf Mosis \u271d 16.8.2025\u201c <\/span>weiterlesen<\/a><\/p>\n","protected":false},"author":2,"featured_media":0,"parent":20,"menu_order":0,"comment_status":"closed","ping_status":"closed","template":"","meta":{"footnotes":""},"class_list":["post-1165","page","type-page","status-publish","hentry"],"_links":{"self":[{"href":"https:\/\/agat-online.org\/index.php?rest_route=\/wp\/v2\/pages\/1165","targetHints":{"allow":["GET"]}}],"collection":[{"href":"https:\/\/agat-online.org\/index.php?rest_route=\/wp\/v2\/pages"}],"about":[{"href":"https:\/\/agat-online.org\/index.php?rest_route=\/wp\/v2\/types\/page"}],"author":[{"embeddable":true,"href":"https:\/\/agat-online.org\/index.php?rest_route=\/wp\/v2\/users\/2"}],"replies":[{"embeddable":true,"href":"https:\/\/agat-online.org\/index.php?rest_route=%2Fwp%2Fv2%2Fcomments&post=1165"}],"version-history":[{"count":1,"href":"https:\/\/agat-online.org\/index.php?rest_route=\/wp\/v2\/pages\/1165\/revisions"}],"predecessor-version":[{"id":1167,"href":"https:\/\/agat-online.org\/index.php?rest_route=\/wp\/v2\/pages\/1165\/revisions\/1167"}],"up":[{"embeddable":true,"href":"https:\/\/agat-online.org\/index.php?rest_route=\/wp\/v2\/pages\/20"}],"wp:attachment":[{"href":"https:\/\/agat-online.org\/index.php?rest_route=%2Fwp%2Fv2%2Fmedia&parent=1165"}],"curies":[{"name":"wp","href":"https:\/\/api.w.org\/{rel}","templated":true}]}}