{"id":1126,"date":"2025-03-05T00:12:49","date_gmt":"2025-03-04T23:12:49","guid":{"rendered":"https:\/\/agat-online.org\/?page_id=1126"},"modified":"2025-03-05T00:12:49","modified_gmt":"2025-03-04T23:12:49","slug":"nachruf-seidl","status":"publish","type":"page","link":"https:\/\/agat-online.org\/?page_id=1126","title":{"rendered":"Die AGAT trauert um Prof. em. Dr. Theodor Seidl \u271d 1.3.2025"},"content":{"rendered":"\n<p>Die Arbeitsgemeinschaft der deutschsprachigen Alttestamentlerinnen und Alttestamentler (AGAT) trauert um ihr langj\u00e4hriges Mitglied Prof. em. Dr. Theodor Seidl, der am 1. M\u00e4rz 2025 verstarb.<\/p>\n\n\n\n<figure class=\"wp-block-image size-large\"><img loading=\"lazy\" decoding=\"async\" width=\"935\" height=\"590\" src=\"https:\/\/agat-online.org\/wp-content\/uploads\/2025\/03\/csm_csm_seidl1_d2cafe412f_802ea193e7.jpg\" alt=\"\" class=\"wp-image-1129\" srcset=\"https:\/\/agat-online.org\/wp-content\/uploads\/2025\/03\/csm_csm_seidl1_d2cafe412f_802ea193e7.jpg 935w, https:\/\/agat-online.org\/wp-content\/uploads\/2025\/03\/csm_csm_seidl1_d2cafe412f_802ea193e7-300x189.jpg 300w, https:\/\/agat-online.org\/wp-content\/uploads\/2025\/03\/csm_csm_seidl1_d2cafe412f_802ea193e7-768x485.jpg 768w\" sizes=\"auto, (max-width: 709px) 85vw, (max-width: 909px) 67vw, (max-width: 1362px) 62vw, 840px\" \/><\/figure>\n\n\n\n<p class=\"has-small-font-size\">Kath.-Theol. Fakult\u00e4t W\u00fcrzburg<\/p>\n\n\n\n<p>Theodor Seidl wurde am 15. September 1945 in M\u00fcnchen geboren. Nach seinem Abitur am Gymnasium der Benediktiner in Scheyern studierte Theodor Seidl Theologie an der Katholisch-Theologischen Fakult\u00e4t der Ludwig-Maximilians-Universit\u00e4t M\u00fcnchen. Im Anschluss an das Theologiestudium besch\u00e4ftigte er sich in seiner Dissertationsschrift mit \u201eTexten und Einheiten\u201c sowie \u201eFormen und Formeln\u201c in Jeremia 27\u201329. 1975 wurde er zum Dr. theol. promoviert und seine Dissertationsschrift wurde in der Reihe \u201eArbeiten zu Text und Sprache im Alten Testament\u201c in zwei B\u00e4nden 1977 und 1978 ver\u00f6ffentlicht. Seine wissenschaftliche Arbeit setzte Theodor Seidl in M\u00fcnchen fort und habilitierte sich 1982 mit einer Untersuchung zu \u201eTora f\u00fcr den \u201aAussatz\u2018-Fall. Literarische Schichten und syntaktische Strukturen in Levitikus 13 und 14\u201c.&nbsp;<\/p>\n\n\n\n<p>Von 1986 bis 1991 lehrte er als Professor an der Ludwig-Maximilians-Universit\u00e4t M\u00fcnchen, bevor er 1991 dem Ruf an die Julius-Maximilians-Universit\u00e4t W\u00fcrzburg folgte. Hier hatte er bis zu seiner Emeritierung im Jahr 2010 den Lehrstuhl f\u00fcr Altes Testament und biblisch-orientalische Sprachen inne. An der Universit\u00e4t in W\u00fcrzburg engagierte sich Theodor Seidl hochschulpolitisch in der Gremienarbeit. Zudem war er von 1997&nbsp;bis 1999 Dekan der Katholisch-Theologischen Fakult\u00e4t.<\/p>\n\n\n\n<p>Theodor Seidl war ein vielf\u00e4ltiger und engagierter Hochschullehrer, der wissenschaftliche Pr\u00e4zision mit Weitblick verband. Er f\u00fchrte zum einen die Tradition der Richterschule in seinen Forschungen mit eigenen Akzenten fort. Bis weit \u00fcber seine Emeritierung hinaus arbeitete er an der althebraistischen Datenbank zur Valenzanalyse s\u00e4mtlicher Verbal- und Nominals\u00e4tze der Hebr\u00e4ischen Bibel. Lange Jahre organisierte er die M\u00fcnchner Tagung der Sch\u00fcler Wolfgang Richters und deren Sch\u00fcler:innen samt Kulturprogramm. Zum anderen zeichnete ihn die F\u00e4higkeit aus, Br\u00fccken zwischen verschiedenen Disziplinen zu schlagen, vor allem mit Blick auf die Rezeptionen der Hebr\u00e4ischen Bibel in Musik, Kunst und Literatur. Exemplarisch hierf\u00fcr sei einer seiner j\u00fcngsten Aufs\u00e4tze zu \u201e<em>In exitu Israel de Aegypto<\/em>. Geschichte \u2013 Mythos \u2013 Musik. Eine Auslegung des 114. Psalms (MT)\u201c aus dem Jahr 2022 genannt. Sein interdisziplin\u00e4res Interesse zeigte sich besonders in seinem Engagement als erster Sprecher des Graduiertenkollegs \u201eWahrnehmung der Geschlechterdifferenz in religi\u00f6sen Symbolsystemen\u201c, das von 1998 bis 2008 wegweisende Impulse setzte. International war Theodor Seidl vor allem mit Kolleginnen und Kollegen aus S\u00fcdafrika, Korea und Island verbunden.<\/p>\n\n\n\n<p>Die Nachwuchsf\u00f6rderung war Theodor Seidl ein besonderes Anliegen. Im Laufe seiner akademischen Karriere betreute er einen gro\u00dfen Kreis an Sch\u00fclerinnen und Sch\u00fclern. Unter seiner Anleitung entstanden zahlreiche Qualifikationsarbeiten, die unser Fachgebiet nachhaltig bereicherten. Er pflegte best\u00e4ndig Kontakt zu ehemaligen Mitarbeitenden, Kollegen und Weggef\u00e4hrten. Seine F\u00e4higkeit, Netzwerke zu schaffen und zu erhalten, war bemerkenswert und sorgte daf\u00fcr, dass wissenschaftliche und pers\u00f6nliche Verbindungen weit \u00fcber seine aktive Zeit hinaus bestehen blieben.<\/p>\n\n\n\n<p>Seine Studierenden sch\u00e4tzten ihn nicht nur wegen seines fundierten Fachwissens, sondern auch wegen seiner Offenheit, Menschlichkeit und Hilfsbereitschaft. Besonders in Erinnerung bleiben seine eindrucksvollen Exkursionen nach Israel, Syrien, Jordanien, \u00c4gypten und Zentralanatolien, die er mit gro\u00dfer Sorgfalt und Liebe zum Detail vorbereitete. F\u00fcr sein Engagement in der Lehre erhielt er 2009 den \u201ePreis f\u00fcr gute Lehre\u201c des Bayerischen Staatsministeriums f\u00fcr Wissenschaft, Forschung und Kunst.<\/p>\n\n\n\n<p>Neben seiner wissenschaftlichen Laufbahn war Theodor Seidl ein leidenschaftlicher Musiker. Als begabter Cellist und Pianist bereicherte er das kulturelle Leben innerhalb und au\u00dferhalb der akademischen Welt. Vielen von uns sind die Cellokonzerte w\u00e4hrend der Tagungen unserer Arbeitsgemeinschaft in besonderer Erinnerung.<\/p>\n\n\n\n<p>Mit seinem Tod verliert die alttestamentliche Wissenschaft nicht nur einen herausragenden Forscher und Lehrer, sondern auch einen warmherzigen, humorvollen und lebensklugen Menschen.&nbsp;<\/p>\n\n\n\n<p>Die Arbeitsgemeinschaft der deutschsprachigen Alttestamentlerinnen und Alttestamentler wird Theodor Seidl ein ehrendes Andenken bewahren.<\/p>\n","protected":false},"excerpt":{"rendered":"<p>Die Arbeitsgemeinschaft der deutschsprachigen Alttestamentlerinnen und Alttestamentler (AGAT) trauert um ihr langj\u00e4hriges Mitglied Prof. em. Dr. Theodor Seidl, der am 1. M\u00e4rz 2025 verstarb. Kath.-Theol. Fakult\u00e4t W\u00fcrzburg Theodor Seidl wurde am 15. September 1945 in M\u00fcnchen geboren. Nach seinem Abitur am Gymnasium der Benediktiner in Scheyern studierte Theodor Seidl Theologie an der Katholisch-Theologischen Fakult\u00e4t der &hellip; <a href=\"https:\/\/agat-online.org\/?page_id=1126\" class=\"more-link\"><span class=\"screen-reader-text\">\u201eDie AGAT trauert um Prof. em. Dr. Theodor Seidl \u271d 1.3.2025\u201c <\/span>weiterlesen<\/a><\/p>\n","protected":false},"author":2,"featured_media":0,"parent":20,"menu_order":0,"comment_status":"closed","ping_status":"closed","template":"","meta":{"footnotes":""},"class_list":["post-1126","page","type-page","status-publish","hentry"],"_links":{"self":[{"href":"https:\/\/agat-online.org\/index.php?rest_route=\/wp\/v2\/pages\/1126","targetHints":{"allow":["GET"]}}],"collection":[{"href":"https:\/\/agat-online.org\/index.php?rest_route=\/wp\/v2\/pages"}],"about":[{"href":"https:\/\/agat-online.org\/index.php?rest_route=\/wp\/v2\/types\/page"}],"author":[{"embeddable":true,"href":"https:\/\/agat-online.org\/index.php?rest_route=\/wp\/v2\/users\/2"}],"replies":[{"embeddable":true,"href":"https:\/\/agat-online.org\/index.php?rest_route=%2Fwp%2Fv2%2Fcomments&post=1126"}],"version-history":[{"count":2,"href":"https:\/\/agat-online.org\/index.php?rest_route=\/wp\/v2\/pages\/1126\/revisions"}],"predecessor-version":[{"id":1130,"href":"https:\/\/agat-online.org\/index.php?rest_route=\/wp\/v2\/pages\/1126\/revisions\/1130"}],"up":[{"embeddable":true,"href":"https:\/\/agat-online.org\/index.php?rest_route=\/wp\/v2\/pages\/20"}],"wp:attachment":[{"href":"https:\/\/agat-online.org\/index.php?rest_route=%2Fwp%2Fv2%2Fmedia&parent=1126"}],"curies":[{"name":"wp","href":"https:\/\/api.w.org\/{rel}","templated":true}]}}