{"id":1103,"date":"2024-09-24T18:46:44","date_gmt":"2024-09-24T16:46:44","guid":{"rendered":"https:\/\/agat-online.org\/?page_id=1103"},"modified":"2024-09-24T19:20:59","modified_gmt":"2024-09-24T17:20:59","slug":"vereinigung-der-arbeitsgemeinschaften-fuer-katholische-theologie-erklaerung-angesichts-des-ueberfalls-auf-die-synagoge-in-halle","status":"publish","type":"page","link":"https:\/\/agat-online.org\/?page_id=1103","title":{"rendered":"Vereinigung der Arbeitsgemeinschaften f\u00fcr Katholische Theologie: Erkl\u00e4rung angesichts des \u00dcberfalls auf die Synagoge in Halle"},"content":{"rendered":"\n<p>16.10.2019<\/p>\n\n\n\n<p>Der antisemitisch motivierte Anschlag auf die Synagoge von Halle erschreckt uns alle zutiefst. Wir sind entsetzt dar\u00fcber, dass eine solche Tat in Deutschland m\u00f6glich geworden ist, und solidarisch mit den J\u00fcdinnen und Juden in Deutschland.<\/p>\n\n\n\n<p>Als\nProfessorinnen und Professoren f\u00fcr Katholische Theologie sehen wir uns dar\u00fcber\nhinaus in der Verantwortung, die antij\u00fcdischen Denkmuster, die Theologie und\nkirchliche Fr\u00f6mmigkeit zur Entstehung des Antisemitismus \u00fcber Jahrhunderte\nhinweg beigetragen haben, aufzudecken und z u widerlegen. Wir bekennen uns in\nForschung und Lehre zu einer christlichen Theologie, die selbstkritisch allen\nantij\u00fcdischen theologischen Denkbewegungen entgegensteht und die die untrennbare\nVerbundenheit des Christentums mit dem Judentum immer wieder aufs Neue vergegenw\u00e4rtigt.<\/p>\n\n\n\n<p>Wir hoffen,\ndass wir damit einen Beitrag dazu leisten, dass Antisemitismus in unserer\nGesellschaft nicht noch weiter Fu\u00df fassen kann. <\/p>\n\n\n\n<p><em>Prof. Dr. Gerd H\u00e4fner<\/em><br>Ludwig-Maximilians-Universit\u00e4t M\u00fcnchen<br>Vorsitzender<\/p>\n\n\n\n<p><em>Prof. Dr. Norbert Clemens Baumgart<\/em><br>Universit\u00e4t Erfurt<br>Stellvertretender Vorsitzender<\/p>\n","protected":false},"excerpt":{"rendered":"<p>16.10.2019 Der antisemitisch motivierte Anschlag auf die Synagoge von Halle erschreckt uns alle zutiefst. Wir sind entsetzt dar\u00fcber, dass eine solche Tat in Deutschland m\u00f6glich geworden ist, und solidarisch mit den J\u00fcdinnen und Juden in Deutschland. Als Professorinnen und Professoren f\u00fcr Katholische Theologie sehen wir uns dar\u00fcber hinaus in der Verantwortung, die antij\u00fcdischen Denkmuster, die &hellip; <a href=\"https:\/\/agat-online.org\/?page_id=1103\" class=\"more-link\"><span class=\"screen-reader-text\">\u201eVereinigung der Arbeitsgemeinschaften f\u00fcr Katholische Theologie: Erkl\u00e4rung angesichts des \u00dcberfalls auf die Synagoge in Halle\u201c <\/span>weiterlesen<\/a><\/p>\n","protected":false},"author":2,"featured_media":0,"parent":20,"menu_order":0,"comment_status":"closed","ping_status":"closed","template":"","meta":{"footnotes":""},"class_list":["post-1103","page","type-page","status-publish","hentry"],"_links":{"self":[{"href":"https:\/\/agat-online.org\/index.php?rest_route=\/wp\/v2\/pages\/1103","targetHints":{"allow":["GET"]}}],"collection":[{"href":"https:\/\/agat-online.org\/index.php?rest_route=\/wp\/v2\/pages"}],"about":[{"href":"https:\/\/agat-online.org\/index.php?rest_route=\/wp\/v2\/types\/page"}],"author":[{"embeddable":true,"href":"https:\/\/agat-online.org\/index.php?rest_route=\/wp\/v2\/users\/2"}],"replies":[{"embeddable":true,"href":"https:\/\/agat-online.org\/index.php?rest_route=%2Fwp%2Fv2%2Fcomments&post=1103"}],"version-history":[{"count":1,"href":"https:\/\/agat-online.org\/index.php?rest_route=\/wp\/v2\/pages\/1103\/revisions"}],"predecessor-version":[{"id":1104,"href":"https:\/\/agat-online.org\/index.php?rest_route=\/wp\/v2\/pages\/1103\/revisions\/1104"}],"up":[{"embeddable":true,"href":"https:\/\/agat-online.org\/index.php?rest_route=\/wp\/v2\/pages\/20"}],"wp:attachment":[{"href":"https:\/\/agat-online.org\/index.php?rest_route=%2Fwp%2Fv2%2Fmedia&parent=1103"}],"curies":[{"name":"wp","href":"https:\/\/api.w.org\/{rel}","templated":true}]}}