{"id":1087,"date":"2024-08-19T20:07:33","date_gmt":"2024-08-19T18:07:33","guid":{"rendered":"https:\/\/agat-online.org\/?page_id=1087"},"modified":"2026-02-01T09:43:04","modified_gmt":"2026-02-01T08:43:04","slug":"jahrestagung-2026","status":"publish","type":"page","link":"https:\/\/agat-online.org\/?page_id=1087","title":{"rendered":"Jahrestagung 2026 \u2022 M\u00fcnster"},"content":{"rendered":"\n<p><strong>Datum:<\/strong> 31.08.-03.09.2026<br><strong>Ort:<\/strong> M\u00fcnster, Franz-Hitze-Haus<br><\/p>\n\n\n\n<h2 class=\"wp-block-heading\">Thema: Bibelauslegung in Verantwortung gegen\u00fcber der Mitwelt<\/h2>\n\n\n\n<p>Die \u00f6kologische Krise ist die gro\u00dfe Herausforderung der Gegenwart f\u00fcr Wirtschaft, Politik und Gesellschaft. Die Theologie kann dazu nicht schweigen, und das fordert auch die Bibelwissenschaften heraus, ihren Beitrag zum \u00f6kologischen Diskurs in der Gesellschaft zu leisten. W\u00e4hrend fr\u00fcher die biblischen Texte wegen einer stark anthropozentrischen Auslegung in der Kritik standen, bilden sich seit einiger Zeit neue Hermeneutiken und Interpretationswege heraus, die in den Texten die belebte und unbelebte Mitwelt der Menschen und ihr wechselseitiges Verh\u00e4ltnis in den Blick nehmen. Auf der Tagung werden solche neueren Perspektiven auf alttestamentliche Texte erkundet, um unsere exegetische, aber auch die gesellschaftliche Praxis von den Texten her neu anfragen zu lassen. Neben dem hermeneutisch-methodischen Binnendiskurs geht es somit vor allem um die aktuelle Relevanz der Texte und die Kommunikation in die Gesellschaft hinein.<\/p>\n\n\n\n<p><strong>Inhaltliche Vorbereitung:<\/strong> Tobias H\u00e4ner, Thomas Hieke, Carolin Neuber (unter Mitarbeit von Juliane Eckstein, Lara Mayer und Christine Sch\u00fctz; Beratung: Hans-Ulrich Steymans)<\/p>\n\n\n\n<p><strong><a href=\"https:\/\/agat-online.org\/wp-content\/uploads\/2025\/03\/Call-for-Short-Papers-AGAT-2026.pdf\" target=\"_blank\" rel=\"noreferrer noopener\">Zum Call for Short Papers<\/a><\/strong> (beendet)<\/p>\n\n\n\n<p><strong>Organisation:<\/strong> Oliver Dyma, Johannes Schnocks<br><\/p>\n\n\n\n<h2 class=\"wp-block-heading has-medium-font-size\">Themen (Arbeitstitel) der Hauptreferate und Referierende<\/h2>\n\n\n\n<p><em>Stand: 31.01.2026<\/em><\/p>\n\n\n\n<p><strong>Biblische Exegese in Verantwortung gegen\u00fcber der Mitwelt.<br>Aktuelle hermeneutische Ans\u00e4tze<\/strong><br>Carolin Neuber<\/p>\n\n\n\n<p><strong>Umwelt als Sch\u00f6pfung. Welchen Mehrwert der christliche Sch\u00f6pfungs- und Erl\u00f6sungsglaube bieten k\u00f6nnte<br><\/strong>Jan Loffeld<\/p>\n\n\n\n<p><strong>\u201eSch\u00f6pfung bewahren?\u201c \u2013 biblische Anmerkungen zu einer politischen Leerformel<br><\/strong>Jan Christian Gertz<\/p>\n\n\n\n<p><strong>Das Land als Gabe Gottes f\u00fcr die gerechte Gesellschaft im Deuteronomium<br><\/strong>Hans-Ulrich Steymans<\/p>\n\n\n\n<p><strong>Tiere in Rollen, die biblische Texte ihnen zuweisen: Menschliche Setzungen \u2013 auch in \u00dcbersetzungen<\/strong><br>Nesina Gr\u00fctter<\/p>\n\n\n\n<p><strong>Gedeihen. Eine Kategorie zur Bewertung der Vitalit\u00e4t von Pflanzen aus alttestamentlicher und pflanzenethischer Perspektive?!<br><\/strong>Cornelia A\u00dfmann<\/p>\n\n\n\n<p><strong>\u00bbSchabbat f\u00fcr das Land.\u00ab &#8211; Felder und Reben: ein Ebenbild Gottes?<br>Ein Blick in die j\u00fcdische Rezeptionsgeschichte von Lev 25,1-13<br><\/strong>Annette M. Boeckler<\/p>\n\n\n\n<p><strong>Das Jauchzen der Steppe (Jes 35,1) \u2013 eschatologische Bilder erneuerter Sch\u00f6pfung in der Prophetie<br><\/strong>Tobias H\u00e4ner<\/p>\n\n\n\n<p><strong>\u00d6kologische Katastrophenbilder in der Apokalyptik<br><\/strong>Peter Juh\u00e1s<\/p>\n\n\n\n<p><strong>Welt erhalten. \u00d6kologie in Ps 147<br><\/strong>Egbert Ballhorn<\/p>\n\n\n\n<p><strong>Von Menschen, Tieren und Pflanzen im Buch der Sprichw\u00f6rter<br><\/strong>Ruth Scoralick<\/p>\n\n\n\n<p><strong>Der Gott der Menschen \u2013 und der anderen Gesch\u00f6pfe? Koranische Perspektiven auf eine Theologie der Mitgesch\u00f6pflichkeit<\/strong><br>Asmaa El Maaroufi<\/p>\n\n\n\n<p><strong>\u00d6kologische Bibelauslegung und die Praxis<br><\/strong>Katrin Brockm\u00f6ller<\/p>\n\n\n\n<div style=\"height:100px\" aria-hidden=\"true\" class=\"wp-block-spacer\"><\/div>\n\n\n\n<hr class=\"wp-block-separator has-alpha-channel-opacity\"\/>\n\n\n\n<div class=\"wp-block-buttons is-layout-flex wp-block-buttons-is-layout-flex\">\n<div class=\"wp-block-button\"><a class=\"wp-block-button__link wp-element-button\">*<\/a><\/div>\n<\/div>\n\n\n\n<p><\/p>\n","protected":false},"excerpt":{"rendered":"<p>Datum: 31.08.-03.09.2026Ort: M\u00fcnster, Franz-Hitze-Haus Thema: Bibelauslegung in Verantwortung gegen\u00fcber der Mitwelt Die \u00f6kologische Krise ist die gro\u00dfe Herausforderung der Gegenwart f\u00fcr Wirtschaft, Politik und Gesellschaft. Die Theologie kann dazu nicht schweigen, und das fordert auch die Bibelwissenschaften heraus, ihren Beitrag zum \u00f6kologischen Diskurs in der Gesellschaft zu leisten. W\u00e4hrend fr\u00fcher die biblischen Texte wegen einer &hellip; <a href=\"https:\/\/agat-online.org\/?page_id=1087\" class=\"more-link\"><span class=\"screen-reader-text\">\u201eJahrestagung 2026 \u2022 M\u00fcnster\u201c <\/span>weiterlesen<\/a><\/p>\n","protected":false},"author":2,"featured_media":0,"parent":24,"menu_order":0,"comment_status":"closed","ping_status":"closed","template":"","meta":{"footnotes":""},"class_list":["post-1087","page","type-page","status-publish","hentry"],"_links":{"self":[{"href":"https:\/\/agat-online.org\/index.php?rest_route=\/wp\/v2\/pages\/1087","targetHints":{"allow":["GET"]}}],"collection":[{"href":"https:\/\/agat-online.org\/index.php?rest_route=\/wp\/v2\/pages"}],"about":[{"href":"https:\/\/agat-online.org\/index.php?rest_route=\/wp\/v2\/types\/page"}],"author":[{"embeddable":true,"href":"https:\/\/agat-online.org\/index.php?rest_route=\/wp\/v2\/users\/2"}],"replies":[{"embeddable":true,"href":"https:\/\/agat-online.org\/index.php?rest_route=%2Fwp%2Fv2%2Fcomments&post=1087"}],"version-history":[{"count":18,"href":"https:\/\/agat-online.org\/index.php?rest_route=\/wp\/v2\/pages\/1087\/revisions"}],"predecessor-version":[{"id":1184,"href":"https:\/\/agat-online.org\/index.php?rest_route=\/wp\/v2\/pages\/1087\/revisions\/1184"}],"up":[{"embeddable":true,"href":"https:\/\/agat-online.org\/index.php?rest_route=\/wp\/v2\/pages\/24"}],"wp:attachment":[{"href":"https:\/\/agat-online.org\/index.php?rest_route=%2Fwp%2Fv2%2Fmedia&parent=1087"}],"curies":[{"name":"wp","href":"https:\/\/api.w.org\/{rel}","templated":true}]}}